{"id":1256,"date":"2015-08-06T13:59:05","date_gmt":"2015-08-06T13:59:05","guid":{"rendered":"http:\/\/feuerwehr-nahe.de\/ffnahe\/?page_id=1256"},"modified":"2026-04-19T15:46:51","modified_gmt":"2026-04-19T15:46:51","slug":"hlf-2016","status":"publish","type":"page","link":"https:\/\/feuerwehr-nahe.de\/ffnahe\/hlf-2016\/","title":{"rendered":"Unsere Fahrzeuge"},"content":{"rendered":"<p>ELW 1<br \/>Funkrufname 96 &#8211; 11- 02<br \/>Baujahr 2014<\/p>\n<p><a href=\"https:\/\/feuerwehr-nahe.de\/ffnahe\/wp-content\/uploads\/2021\/09\/DSC06422-scaled.jpg\"><img loading=\"lazy\" decoding=\"async\" class=\"aligncenter wp-image-3462 size-large\" src=\"https:\/\/feuerwehr-nahe.de\/ffnahe\/wp-content\/uploads\/2021\/09\/DSC06422-1024x682.jpg\" alt=\"\" width=\"720\" height=\"480\" srcset=\"https:\/\/feuerwehr-nahe.de\/ffnahe\/wp-content\/uploads\/2021\/09\/DSC06422-1024x682.jpg 1024w, https:\/\/feuerwehr-nahe.de\/ffnahe\/wp-content\/uploads\/2021\/09\/DSC06422-300x200.jpg 300w, https:\/\/feuerwehr-nahe.de\/ffnahe\/wp-content\/uploads\/2021\/09\/DSC06422-768x511.jpg 768w, https:\/\/feuerwehr-nahe.de\/ffnahe\/wp-content\/uploads\/2021\/09\/DSC06422-1536x1022.jpg 1536w, https:\/\/feuerwehr-nahe.de\/ffnahe\/wp-content\/uploads\/2021\/09\/DSC06422-2048x1363.jpg 2048w\" sizes=\"auto, (max-width: 720px) 100vw, 720px\" \/><\/a><\/p>\n<p>MZF<br \/>Funkrufnahme 96 &#8211; 14 &#8211; 02<br \/>Baujahr 2011<\/p>\n<p style=\"text-align: center;\"><a href=\"https:\/\/feuerwehr-nahe.de\/ffnahe\/wp-content\/uploads\/2021\/09\/DSC06376-scaled.jpg\"><img loading=\"lazy\" decoding=\"async\" class=\"aligncenter wp-image-3460 size-large\" src=\"https:\/\/feuerwehr-nahe.de\/ffnahe\/wp-content\/uploads\/2021\/09\/DSC06376-1024x682.jpg\" alt=\"\" width=\"720\" height=\"480\" srcset=\"https:\/\/feuerwehr-nahe.de\/ffnahe\/wp-content\/uploads\/2021\/09\/DSC06376-1024x682.jpg 1024w, https:\/\/feuerwehr-nahe.de\/ffnahe\/wp-content\/uploads\/2021\/09\/DSC06376-300x200.jpg 300w, https:\/\/feuerwehr-nahe.de\/ffnahe\/wp-content\/uploads\/2021\/09\/DSC06376-768x511.jpg 768w, https:\/\/feuerwehr-nahe.de\/ffnahe\/wp-content\/uploads\/2021\/09\/DSC06376-1536x1022.jpg 1536w, https:\/\/feuerwehr-nahe.de\/ffnahe\/wp-content\/uploads\/2021\/09\/DSC06376-2048x1363.jpg 2048w\" sizes=\"auto, (max-width: 720px) 100vw, 720px\" \/><\/a><\/p>\n<p>LF 8\/6<br \/>Funkrufnahme 96 &#8211; 44 &#8211; 02<br \/>Baujahr 1993<br \/>Sonderausr\u00fcstung:<\/p>\n<p><!--StyleSheet Link--><\/p>\n<ul>\n<li>Wasser\u00fcberf\u00fchrung 4x8m<\/li>\n<li>LED Powermoon<\/li>\n<li>Schnelleinsatzzelt 5&#215;5,5m<\/li>\n<\/ul>\n<p><a href=\"https:\/\/feuerwehr-nahe.de\/ffnahe\/wp-content\/uploads\/2021\/09\/DSC06450-scaled.jpg\"><img loading=\"lazy\" decoding=\"async\" class=\"aligncenter wp-image-3463 size-large\" src=\"https:\/\/feuerwehr-nahe.de\/ffnahe\/wp-content\/uploads\/2021\/09\/DSC06450-1024x682.jpg\" alt=\"\" width=\"720\" height=\"480\" srcset=\"https:\/\/feuerwehr-nahe.de\/ffnahe\/wp-content\/uploads\/2021\/09\/DSC06450-1024x682.jpg 1024w, https:\/\/feuerwehr-nahe.de\/ffnahe\/wp-content\/uploads\/2021\/09\/DSC06450-300x200.jpg 300w, https:\/\/feuerwehr-nahe.de\/ffnahe\/wp-content\/uploads\/2021\/09\/DSC06450-768x511.jpg 768w, https:\/\/feuerwehr-nahe.de\/ffnahe\/wp-content\/uploads\/2021\/09\/DSC06450-1536x1022.jpg 1536w, https:\/\/feuerwehr-nahe.de\/ffnahe\/wp-content\/uploads\/2021\/09\/DSC06450-2048x1363.jpg 2048w\" sizes=\"auto, (max-width: 720px) 100vw, 720px\" \/><\/a><\/p>\n<p>HLF 20\/16<br \/>Funkrufname 96 &#8211; 48 &#8211; 02<br \/>Baujahr 2009<br \/>Sonderausr\u00fcstung:<\/p>\n<ul>\n<li>LKW Rettungsb\u00fchne<\/li>\n<li>Hochdruckl\u00fcfter<\/li>\n<li>Motorflex mit Rettungsscheibe<\/li>\n<li>Stab-Fast-System<\/li>\n<li>Schaumpistole mit Ersatzflasche<\/li>\n<\/ul>\n<p><a href=\"https:\/\/feuerwehr-nahe.de\/ffnahe\/wp-content\/uploads\/2021\/09\/DSC06477-scaled.jpg\"><img loading=\"lazy\" decoding=\"async\" class=\"aligncenter wp-image-3464 size-large\" src=\"https:\/\/feuerwehr-nahe.de\/ffnahe\/wp-content\/uploads\/2021\/09\/DSC06477-1024x682.jpg\" alt=\"\" width=\"720\" height=\"480\" srcset=\"https:\/\/feuerwehr-nahe.de\/ffnahe\/wp-content\/uploads\/2021\/09\/DSC06477-1024x682.jpg 1024w, https:\/\/feuerwehr-nahe.de\/ffnahe\/wp-content\/uploads\/2021\/09\/DSC06477-300x200.jpg 300w, https:\/\/feuerwehr-nahe.de\/ffnahe\/wp-content\/uploads\/2021\/09\/DSC06477-768x511.jpg 768w, https:\/\/feuerwehr-nahe.de\/ffnahe\/wp-content\/uploads\/2021\/09\/DSC06477-1536x1022.jpg 1536w, https:\/\/feuerwehr-nahe.de\/ffnahe\/wp-content\/uploads\/2021\/09\/DSC06477-2048x1363.jpg 2048w\" sizes=\"auto, (max-width: 720px) 100vw, 720px\" \/><\/a><\/p>\n<p>\u00a0<\/p>\n<p>DLK 23 &#8211; 12 GL CC<br \/>Funkrufname 96 &#8211; 32 &#8211; 02<br \/>Baujahr 1996<\/p>\n<ul>\n<li>LED Powermoon Transformer<\/li>\n<\/ul>\n<p><a href=\"https:\/\/feuerwehr-nahe.de\/ffnahe\/wp-content\/uploads\/2021\/09\/DSC06509-scaled.jpg\"><img loading=\"lazy\" decoding=\"async\" class=\"aligncenter wp-image-3465 size-large\" src=\"https:\/\/feuerwehr-nahe.de\/ffnahe\/wp-content\/uploads\/2021\/09\/DSC06509-1024x682.jpg\" alt=\"\" width=\"720\" height=\"480\" srcset=\"https:\/\/feuerwehr-nahe.de\/ffnahe\/wp-content\/uploads\/2021\/09\/DSC06509-1024x682.jpg 1024w, https:\/\/feuerwehr-nahe.de\/ffnahe\/wp-content\/uploads\/2021\/09\/DSC06509-300x200.jpg 300w, https:\/\/feuerwehr-nahe.de\/ffnahe\/wp-content\/uploads\/2021\/09\/DSC06509-768x511.jpg 768w, https:\/\/feuerwehr-nahe.de\/ffnahe\/wp-content\/uploads\/2021\/09\/DSC06509-1536x1022.jpg 1536w, https:\/\/feuerwehr-nahe.de\/ffnahe\/wp-content\/uploads\/2021\/09\/DSC06509-2048x1363.jpg 2048w\" sizes=\"auto, (max-width: 720px) 100vw, 720px\" \/><\/a><\/p>\n<p>GW-Katschutz<br \/>Funkrufname 96 &#8211; 68 &#8211; 02<br \/>Baujahr 2026<br \/><img loading=\"lazy\" decoding=\"async\" class=\"aligncenter wp-image-5571 \" src=\"https:\/\/feuerwehr-nahe.de\/ffnahe\/wp-content\/uploads\/2026\/02\/IMG_8837-1024x768.jpeg\" alt=\"\" width=\"709\" height=\"532\" srcset=\"https:\/\/feuerwehr-nahe.de\/ffnahe\/wp-content\/uploads\/2026\/02\/IMG_8837-1024x768.jpeg 1024w, https:\/\/feuerwehr-nahe.de\/ffnahe\/wp-content\/uploads\/2026\/02\/IMG_8837-300x225.jpeg 300w, https:\/\/feuerwehr-nahe.de\/ffnahe\/wp-content\/uploads\/2026\/02\/IMG_8837-768x576.jpeg 768w, https:\/\/feuerwehr-nahe.de\/ffnahe\/wp-content\/uploads\/2026\/02\/IMG_8837.jpeg 1500w\" sizes=\"auto, (max-width: 709px) 100vw, 709px\" \/><\/p>\n\n\n<p><\/p>\n","protected":false},"excerpt":{"rendered":"<p>ELW 1Funkrufname 96 &#8211; 11- 02Baujahr 2014 MZFFunkrufnahme 96 &#8211; 14 &#8211; 02Baujahr 2011 LF 8\/6Funkrufnahme 96 &#8211; 44 &#8211; 02Baujahr 1993Sonderausr\u00fcstung: Wasser\u00fcberf\u00fchrung 4x8m LED Powermoon Schnelleinsatzzelt 5&#215;5,5m HLF 20\/16Funkrufname 96 &#8211; 48 &#8211; 02Baujahr 2009Sonderausr\u00fcstung: LKW Rettungsb\u00fchne Hochdruckl\u00fcfter Motorflex mit Rettungsscheibe Stab-Fast-System Schaumpistole mit Ersatzflasche \u00a0 DLK 23 &#8211; 12 GL CCFunkrufname 96 &#8211; [&hellip;]<\/p>\n","protected":false},"author":2,"featured_media":0,"parent":0,"menu_order":1,"comment_status":"closed","ping_status":"closed","template":"","meta":{"footnotes":""},"class_list":["post-1256","page","type-page","status-publish","hentry"],"_links":{"self":[{"href":"https:\/\/feuerwehr-nahe.de\/ffnahe\/wp-json\/wp\/v2\/pages\/1256","targetHints":{"allow":["GET"]}}],"collection":[{"href":"https:\/\/feuerwehr-nahe.de\/ffnahe\/wp-json\/wp\/v2\/pages"}],"about":[{"href":"https:\/\/feuerwehr-nahe.de\/ffnahe\/wp-json\/wp\/v2\/types\/page"}],"author":[{"embeddable":true,"href":"https:\/\/feuerwehr-nahe.de\/ffnahe\/wp-json\/wp\/v2\/users\/2"}],"replies":[{"embeddable":true,"href":"https:\/\/feuerwehr-nahe.de\/ffnahe\/wp-json\/wp\/v2\/comments?post=1256"}],"version-history":[{"count":19,"href":"https:\/\/feuerwehr-nahe.de\/ffnahe\/wp-json\/wp\/v2\/pages\/1256\/revisions"}],"predecessor-version":[{"id":5608,"href":"https:\/\/feuerwehr-nahe.de\/ffnahe\/wp-json\/wp\/v2\/pages\/1256\/revisions\/5608"}],"wp:attachment":[{"href":"https:\/\/feuerwehr-nahe.de\/ffnahe\/wp-json\/wp\/v2\/media?parent=1256"}],"curies":[{"name":"wp","href":"https:\/\/api.w.org\/{rel}","templated":true}]}}